{"id":1116,"date":"2021-06-30T16:34:27","date_gmt":"2021-06-30T16:34:27","guid":{"rendered":"https:\/\/www.cannamedic.eu\/terms-amp-bedingungen\/"},"modified":"2021-06-30T16:37:50","modified_gmt":"2021-06-30T16:37:50","slug":"algemeine-bedingungen","status":"publish","type":"page","link":"https:\/\/www.cannamedic.nl\/de\/algemeine-bedingungen\/","title":{"rendered":"Algemeine Bedingungen"},"content":{"rendered":"<h2>Willkommen bei Cannamedic BV<\/h2>\n<p>Diese Allgemeinen Gesch\u00e4ftsbedingungen beschreiben die Regeln und Vorschriften f\u00fcr die Nutzung der Website von Cannamedic BV.<\/p>\n<p> <span style=\"text-transform: capitalize;\">Cannamedic BV<\/span> befindet sich in:<\/p>\n<address>Piter Terpstrawei 30 , Leeuwarden<br \/>\n Fryslan &#8211; 8914 BJ, Niederlande<\/address>\n<p> Durch den Zugriff auf diese Website gehen wir davon aus, dass Sie diese Bedingungen vollst\u00e4ndig akzeptieren. Verwenden Sie die Website von Cannamedic BV nicht weiter<br \/>\nwenn Sie nicht alle Bedingungen auf dieser Seite akzeptieren.<\/p>\n<p>Die folgende Terminologie gilt f\u00fcr diese Allgemeinen Gesch\u00e4ftsbedingungen, die Datenschutzerkl\u00e4rung und den Haftungsausschluss<br \/>\nund einige oder alle Vereinbarungen: \u201eKunde\u201c, \u201eSie\u201c und \u201eIhr\u201c beziehen sich auf Sie, die Person, die auf diese Website zugreift<br \/>\nund Akzeptieren der Gesch\u00e4ftsbedingungen des Unternehmens. \u201eDas Unternehmen\u201c, \u201euns selbst\u201c, \u201ewir\u201c, \u201eunser\u201c und \u201euns\u201c bezieht sich auf<br \/>\nzu unserem Unternehmen. \u201ePartei\u201c, \u201eParteien\u201c oder \u201euns\u201c bezieht sich sowohl auf den Kunden als auch auf uns selbst oder entweder auf den Kunden<br \/>\noder wir selbst. Alle Bedingungen beziehen sich auf das Angebot, die Annahme und die Gegenleistung, die f\u00fcr die Durchf\u00fchrung erforderlich sind<br \/>\nden Prozess unserer Unterst\u00fctzung f\u00fcr den Kunden auf die am besten geeignete Weise, sei es durch formelle Treffen<br \/>\nvon fester Dauer oder auf andere Weise, mit dem ausdr\u00fccklichen Zweck, die Bed\u00fcrfnisse des Kunden in Bezug auf<br \/>\nder Bereitstellung der angegebenen Dienstleistungen\/Produkte des Unternehmens in \u00dcbereinstimmung mit und vorbehaltlich der geltenden Gesetze<br \/>\nder Niederlande. Jegliche Verwendung der obigen Terminologie oder anderer W\u00f6rter im Singular, Plural,<br \/>\nGro\u00df-\/Kleinschreibung und\/oder er\/sie oder sie werden als austauschbar angesehen und beziehen sich daher auf dasselbe.<\/p>\n<h2>Kekse<\/h2>\n<p>Wir setzen die Verwendung von Cookies ein. Durch die Nutzung der Website von Cannamedic BV stimmen Sie der Verwendung von Cookies zu<br \/>\nin \u00dcbereinstimmung mit der Datenschutzrichtlinie von Cannamedic BV.<\/p>\n<p>Die meisten modernen interaktiven Websites<br \/>\nverwenden Cookies, damit wir bei jedem Besuch Benutzerdaten abrufen k\u00f6nnen. In einigen Bereichen unserer Seite werden Cookies verwendet<br \/>\num die Funktionalit\u00e4t dieses Bereichs und die Benutzerfreundlichkeit f\u00fcr die Besucher zu erm\u00f6glichen. Einige unserer<br \/>\nAffiliate- \/ Werbepartner k\u00f6nnen ebenfalls Cookies verwenden.<\/p>\n<h2>Lizenz<\/h2>\n<p>Sofern nicht anders angegeben, besitzen Cannamedic BV und\/oder ihre Lizenzgeber die geistigen Eigentumsrechte f\u00fcr<br \/>\nalle Materialien zu Cannamedic BV. Alle geistigen Eigentumsrechte sind vorbehalten. Sie k\u00f6nnen es anzeigen und\/oder ausdrucken<br \/>\nSeiten von https:\/\/www.cannamedic.nl f\u00fcr Ihren pers\u00f6nlichen Gebrauch vorbehaltlich der in diesen Bedingungen festgelegten Einschr\u00e4nkungen.<\/p>\n<p>Du darfst nicht:<\/p>\n<ol>\n<li>Material von https:\/\/www.cannamedic.nl erneut ver\u00f6ffentlichen<\/li>\n<li>Verkaufen, vermieten oder unterlizenzieren Sie Material von https:\/\/www.cannamedic.nl<\/li>\n<li>Reproduzieren, duplizieren oder kopieren Sie Material von https:\/\/www.cannamedic.nl<\/li>\n<\/ol>\n<p>Verteilen Sie Inhalte von Cannamedic BV weiter (es sei denn, die Inhalte sind speziell f\u00fcr die Weiterverteilung bestimmt).<\/p>\n<h2>Benutzerkommentare<\/h2>\n<ol>\n<li>Diese Vereinbarung beginnt mit dem Datum dieser Vereinbarung.<\/li>\n<li>Bestimmte Teile dieser Website bieten Benutzern die M\u00f6glichkeit, Meinungen, Informationen,<br \/>\nMaterial und Daten (\u201eKommentare\u201c) in Bereichen der Website. Cannamedic BV pr\u00fcft, bearbeitet, ver\u00f6ffentlicht nicht<br \/>\noder Kommentare \u00fcberpr\u00fcfen, bevor sie auf der Website erscheinen, und Kommentare spiegeln nicht die Ansichten wider oder<br \/>\nMeinungen von Cannamedic BV, seinen Vertretern oder verbundenen Unternehmen. Kommentare spiegeln die Meinung und Meinung des<br \/>\nPerson, die eine solche Ansicht oder Meinung ver\u00f6ffentlicht. Soweit dies nach geltendem Recht zul\u00e4ssig ist, muss Cannamedic BV<br \/>\nist nicht verantwortlich oder haftbar f\u00fcr die Kommentare oder f\u00fcr Verluste, Haftung, Sch\u00e4den oder Ausgaben, die verursacht werden<br \/>\nund\/oder erlitten durch die Nutzung und\/oder Ver\u00f6ffentlichung und\/oder das Erscheinen der Kommentare dazu<br \/>\nWebseite.<\/li>\n<li>Cannamedic BV beh\u00e4lt sich das Recht vor, alle Kommentare zu \u00fcberwachen und alle Kommentare zu entfernen, die sie in Betracht zieht<br \/>\nnach eigenem Ermessen unangemessen, beleidigend oder anderweitig gegen diese Allgemeinen Gesch\u00e4ftsbedingungen versto\u00dfen.<\/li>\n<li>Sie garantieren und versichern, dass:\n<ol>\n<li>Sie sind berechtigt, die Kommentare auf unserer Website zu ver\u00f6ffentlichen und verf\u00fcgen \u00fcber alle erforderlichen Lizenzen und Zustimmungen, um<br \/>\ntun Sie dies;<\/li>\n<li>Die Kommentare verletzen keine geistigen Eigentumsrechte, einschlie\u00dflich, aber nicht beschr\u00e4nkt auf Urheberrechte,<br \/>\nPatent oder Marke oder andere Eigentumsrechte Dritter;<\/li>\n<li>Die Kommentare enthalten kein diffamierendes, verleumderisches, beleidigendes, unanst\u00e4ndiges oder anderweitig rechtswidriges Material<br \/>\noder Material, das eine Verletzung der Privatsph\u00e4re darstellt<\/li>\n<li>Die Kommentare werden nicht verwendet, um Gesch\u00e4fte oder Br\u00e4uche anzuwerben oder zu f\u00f6rdern oder kommerzielle Aktivit\u00e4ten zu pr\u00e4sentieren<br \/>\noder rechtswidrige T\u00e4tigkeit.<\/li>\n<\/ol>\n<\/li>\n<li>Sie gew\u00e4hren hiermit<strong> Cannamedic BV<\/strong> eine nicht-exklusive geb\u00fchrenfreie Lizenz zur Nutzung, Vervielf\u00e4ltigung,<br \/>\nBearbeiten und autorisieren Sie andere, Ihre Kommentare in allen Formen und Formaten zu verwenden, zu reproduzieren und zu bearbeiten<br \/>\noder Medien.<\/li>\n<\/ol>\n<h2>Hyperlinks zu unseren Inhalten<\/h2>\n<ol>\n<li>Die folgenden Organisationen d\u00fcrfen ohne vorherige schriftliche Genehmigung auf unsere Website verlinken:\n<ol>\n<li>Regierungsbeh\u00f6rden;<\/li>\n<li>Suchmaschinen;<\/li>\n<li>Nachrichtenorganisationen;<\/li>\n<li>Online-Verzeichnisverteiler k\u00f6nnen, wenn sie uns in das Verzeichnis aufnehmen, auf unsere Website in derselben verlinken<br \/>\nArt und Weise, wie sie Hyperlinks zu den Websites anderer b\u00f6rsennotierter Unternehmen enthalten; und<\/li>\n<li>Systemweit akkreditierte Unternehmen mit Ausnahme von gemeinn\u00fctzigen Organisationen, Einkaufszentren f\u00fcr Wohlt\u00e4tigkeitsorganisationen,<br \/>\nund Wohlt\u00e4tigkeitsgruppen, die m\u00f6glicherweise keinen Hyperlink zu unserer Website haben.<\/li>\n<\/ol>\n<\/li>\n<\/ol>\n<ol start=\"2\">\n<li>Diese Organisationen k\u00f6nnen so lange auf unsere Homepage, auf Ver\u00f6ffentlichungen oder auf andere Website-Informationen verlinken<br \/>\nals Link: (a) in keiner Weise irref\u00fchrend ist; (b) impliziert nicht f\u00e4lschlicherweise Sponsoring, Billigung oder<br \/>\nZustimmung der verlinkenden Partei und ihrer Produkte oder Dienstleistungen; und (c) in den Kontext der Verlinkung passt<br \/>\nWebsite der Partei.<\/li>\n<li>Wir k\u00f6nnen nach eigenem Ermessen andere Linkanfragen von den folgenden Arten von Organisationen ber\u00fccksichtigen und genehmigen:\n<ol>\n<li>allgemein bekannte Verbraucher- und\/oder Gesch\u00e4ftsinformationsquellen wie Handelskammern, American<br \/>\nAutomobilverband, AARP und Verbrauchergewerkschaft;<\/li>\n<li>dot.com-Community-Sites;<\/li>\n<li>Vereine oder andere Gruppen, die Wohlt\u00e4tigkeitsorganisationen vertreten, einschlie\u00dflich Websites f\u00fcr Wohlt\u00e4tigkeitsorganisationen,<\/li>\n<li>Online-Verzeichnisverteiler;<\/li>\n<li>Internetportale;<\/li>\n<li>Wirtschaftspr\u00fcfungs-, Anwalts- und Beratungsfirmen, deren Hauptkunden Unternehmen sind; und<\/li>\n<li>Bildungseinrichtungen und Wirtschaftsverb\u00e4nde.<\/li>\n<\/ol>\n<\/li>\n<\/ol>\n<p>Wir werden Linkanfragen von diesen Organisationen genehmigen, wenn wir feststellen, dass: (a) der Link nicht widerspiegelt<br \/>\nnachteilig auf uns oder unsere akkreditierten Unternehmen (z. B. Wirtschaftsverb\u00e4nde oder andere Organisationen)<br \/>\nDie Darstellung von inh\u00e4rent suspekten Gesch\u00e4ftsarten, wie z. B. Gelegenheiten zur Heimarbeit, ist nicht zul\u00e4ssig<br \/>\nverlinken); (b) die Organisation hat keine unbefriedigende Bilanz bei uns; (c) der Nutzen f\u00fcr uns aus<br \/>\ndie mit dem Hyperlink verbundene Sichtbarkeit \u00fcberwiegt die Abwesenheit von<!--?=$companyName? &gt;; and (d) where the&lt;br ?--> Link steht im Kontext allgemeiner Ressourceninformationen oder stimmt anderweitig mit redaktionellen Inhalten \u00fcberein<br \/>\nin einem Newsletter oder einem \u00e4hnlichen Produkt, das die Mission der Organisation f\u00f6rdert.<\/p>\n<p>Diese Organisationen k\u00f6nnen auf unsere Homepage, auf Ver\u00f6ffentlichungen oder auf andere Website-Informationen verlinken, solange<br \/>\ndie Verbindung: (a) in keiner Weise irref\u00fchrend ist; (b) impliziert nicht f\u00e4lschlicherweise Sponsoring, Billigung oder Genehmigung<br \/>\nder verlinkenden Partei und ihrer Produkte oder Dienstleistungen; und (c) in den Kontext der verlinkenden Partei passt<br \/>\nSeite? \u02c5.<\/p>\n<p>Wenn Sie zu den in Absatz 2 genannten Organisationen geh\u00f6ren und an einer Verlinkung auf unsere Website interessiert sind,<br \/>\nSie m\u00fcssen uns benachrichtigen, indem Sie eine E-Mail senden an<a title=\"Senden Sie eine E-Mail an info@cannamedic.nl\" href=\"mailto:info@cannamedic.nl\"> info@cannamedic.nl<\/a> .<br \/>\nBitte geben Sie Ihren Namen, den Namen Ihrer Organisation, Kontaktinformationen (wie Telefonnummer und\/oder E-Mail) an<br \/>\nAdresse) sowie die URL Ihrer Website, eine Liste aller URLs, von denen Sie auf unsere Website verlinken m\u00f6chten,<br \/>\nund eine Liste der URL(s) auf unserer Website, auf die Sie verlinken m\u00f6chten. Warten Sie 2-3 Wochen f\u00fcr eine Antwort.<\/p>\n<p>Zugelassene Organisationen k\u00f6nnen wie folgt Hyperlinks zu unserer Website erstellen:<\/p>\n<ol>\n<li>Durch die Verwendung unseres Firmennamens; oder<\/li>\n<li>Durch Verwendung des Uniform Resource Locators (Webadresse), mit dem verkn\u00fcpft wird; oder<\/li>\n<li>Durch die Verwendung einer anderen Beschreibung unserer Website oder von Materialien, auf die verlinkt wird, die innerhalb der<br \/>\nKontext und Format des Inhalts auf der Website der verlinkenden Partei.<\/li>\n<\/ol>\n<p>Ohne eine Markenlizenz ist die Verwendung des Logos oder anderer Grafiken von Cannamedic BV f\u00fcr die Verlinkung nicht gestattet<br \/>\nZustimmung.<\/p>\n<h2>Iframes<\/h2>\n<p>Ohne vorherige Zustimmung und ausdr\u00fcckliche schriftliche Genehmigung d\u00fcrfen Sie keine Frames um unsere Webseiten erstellen oder<br \/>\nandere Techniken verwenden, die die visuelle Pr\u00e4sentation oder das Erscheinungsbild unserer Website in irgendeiner Weise ver\u00e4ndern.<\/p>\n<h2>Rechtevorbehalt<\/h2>\n<p>Wir behalten uns das Recht vor, jederzeit und nach eigenem Ermessen zu verlangen, dass Sie alle Links oder einzelne Links entfernen<br \/>\nLink zu unserer Website. Sie erkl\u00e4ren sich damit einverstanden, alle Links zu unserer Website auf eine solche Aufforderung hin unverz\u00fcglich zu entfernen. Wir &#8230; auch<br \/>\nbeh\u00e4lt sich das Recht vor, diese Allgemeinen Gesch\u00e4ftsbedingungen und ihre Verlinkungsrichtlinien jederzeit zu \u00e4ndern. Indem du fortf\u00e4hrst<br \/>\nUm auf unsere Website zu verlinken, erkl\u00e4ren Sie sich damit einverstanden, an diese Bedingungen f\u00fcr die Verlinkung gebunden zu sein und diese einzuhalten.<\/p>\n<h2>Entfernung von Links von unserer Website<\/h2>\n<p>Wenn Sie einen Link auf unserer Website oder eine verlinkte Website aus irgendeinem Grund anst\u00f6\u00dfig finden, k\u00f6nnen Sie sich an<br \/>\nuns dar\u00fcber. Wir werden Anfragen zur Entfernung von Links ber\u00fccksichtigen, sind jedoch nicht dazu verpflichtet, dies zu tun oder zu antworten<br \/>\ndirekt zu Ihnen.<\/p>\n<p>Obwohl wir uns bem\u00fchen sicherzustellen, dass die Informationen auf dieser Website richtig sind, \u00fcbernehmen wir keine Gew\u00e4hr f\u00fcr deren Vollst\u00e4ndigkeit<br \/>\noder Genauigkeit; Wir verpflichten uns auch nicht, sicherzustellen, dass die Website verf\u00fcgbar bleibt oder dass das Material auf der<br \/>\nWebseite wird aktuell gehalten.<\/p>\n<h2>Inhaltliche Haftung<\/h2>\n<p>Wir \u00fcbernehmen keine Verantwortung oder Haftung f\u00fcr Inhalte, die auf Ihrer Website erscheinen. Sie stimmen zu, zu entsch\u00e4digen<br \/>\nund uns gegen alle Anspr\u00fcche zu verteidigen, die sich aus oder auf Ihrer Website ergeben. Auf keinem d\u00fcrfen Links angezeigt werden<br \/>\nSeite auf Ihrer Website oder in einem Kontext, der Inhalte oder Materialien enth\u00e4lt, die als<br \/>\nverleumderisch, obsz\u00f6n oder kriminell ist oder die Verletzung verletzt, anderweitig verletzt oder die Verletzung bef\u00fcrwortet oder<br \/>\nsonstige Verletzung von Rechten Dritter.<\/p>\n<h2>Haftungsausschluss<\/h2>\n<p>Soweit nach geltendem Recht zul\u00e4ssig, schlie\u00dfen wir alle Zusicherungen, Gew\u00e4hrleistungen und Bedingungen in Bezug auf unsere Website und die Nutzung dieser Website aus (einschlie\u00dflich, aber nicht beschr\u00e4nkt auf alle gesetzlich implizierten Gew\u00e4hrleistungen in Bezug auf zufriedenstellende Qualit\u00e4t, Zweckm\u00e4\u00dfigkeit und\/oder Anwendung angemessener Sorgfalt und Geschick). Nichts in diesem Haftungsausschluss wird:<\/p>\n<ol>\n<li>unsere oder Ihre Haftung f\u00fcr Tod oder K\u00f6rperverletzung aufgrund von Fahrl\u00e4ssigkeit einschr\u00e4nken oder ausschlie\u00dfen;<\/li>\n<li>unsere oder Ihre Haftung f\u00fcr Betrug oder betr\u00fcgerische Falschdarstellung einschr\u00e4nken oder ausschlie\u00dfen;<\/li>\n<li>Begrenzen Sie unsere oder Ihre Verbindlichkeiten in einer Weise, die nach geltendem Recht nicht zul\u00e4ssig ist; oder<\/li>\n<li>eine unserer oder Ihre Haftung ausschlie\u00dfen, die nach geltendem Recht nicht ausgeschlossen werden kann.<\/li>\n<\/ol>\n<p>Die in diesem Abschnitt und an anderer Stelle in diesem Haftungsausschluss dargelegten Haftungsbeschr\u00e4nkungen und -ausschl\u00fcsse: (a)<br \/>\nunterliegen dem vorstehenden Absatz; und (b) alle Verbindlichkeiten regeln, die sich aus dem Haftungsausschluss ergeben oder<br \/>\nin Bezug auf den Gegenstand dieses Haftungsausschlusses, einschlie\u00dflich der Haftung aus Vertrag, aus unerlaubter Handlung<br \/>\n(einschlie\u00dflich Fahrl\u00e4ssigkeit) und wegen Verletzung gesetzlicher Pflichten.<\/p>\n<p>Soweit die Website sowie die Informationen und Dienste auf der Website unentgeltlich zur Verf\u00fcgung gestellt werden,<br \/>\nwir haften nicht f\u00fcr Verluste oder Sch\u00e4den jeglicher Art.<\/p>\n","protected":false},"excerpt":{"rendered":"<p>Willkommen bei Cannamedic BV Diese Allgemeinen Gesch\u00e4ftsbedingungen beschreiben die Regeln und Vorschriften f\u00fcr die Nutzung der Website von Cannamedic BV. Cannamedic BV&#8230;<br \/><a class=\"moretag\" href=\"https:\/\/www.cannamedic.nl\/de\/algemeine-bedingungen\/\">Lees het volledige artikel.<\/a><\/p>\n","protected":false},"author":3,"featured_media":0,"parent":0,"menu_order":0,"comment_status":"closed","ping_status":"closed","template":"","meta":[],"_links":{"self":[{"href":"https:\/\/www.cannamedic.nl\/de\/wp-json\/wp\/v2\/pages\/1116"}],"collection":[{"href":"https:\/\/www.cannamedic.nl\/de\/wp-json\/wp\/v2\/pages"}],"about":[{"href":"https:\/\/www.cannamedic.nl\/de\/wp-json\/wp\/v2\/types\/page"}],"author":[{"embeddable":true,"href":"https:\/\/www.cannamedic.nl\/de\/wp-json\/wp\/v2\/users\/3"}],"replies":[{"embeddable":true,"href":"https:\/\/www.cannamedic.nl\/de\/wp-json\/wp\/v2\/comments?post=1116"}],"version-history":[{"count":2,"href":"https:\/\/www.cannamedic.nl\/de\/wp-json\/wp\/v2\/pages\/1116\/revisions"}],"predecessor-version":[{"id":1122,"href":"https:\/\/www.cannamedic.nl\/de\/wp-json\/wp\/v2\/pages\/1116\/revisions\/1122"}],"wp:attachment":[{"href":"https:\/\/www.cannamedic.nl\/de\/wp-json\/wp\/v2\/media?parent=1116"}],"curies":[{"name":"wp","href":"https:\/\/api.w.org\/{rel}","templated":true}]}}